{"id":3154,"date":"2025-10-08T19:00:26","date_gmt":"2025-10-08T17:00:26","guid":{"rendered":"https:\/\/nouslesambitieuses.com\/?page_id=3154"},"modified":"2026-03-03T17:25:36","modified_gmt":"2026-03-03T16:25:36","slug":"doityourself","status":"publish","type":"page","link":"https:\/\/nouslesambitieuses.com\/index.php\/doityourself\/","title":{"rendered":"concours do it yourself"},"content":{"rendered":"<p>[et_pb_section fb_built=&#8221;1&#8243; _builder_version=&#8221;4.21.0&#8243; _module_preset=&#8221;default&#8221; min_height=&#8221;370px&#8221; custom_margin=&#8221;||2px|||&#8221; custom_padding=&#8221;||12px|||&#8221; global_colors_info=&#8221;{}&#8221;][et_pb_row _builder_version=&#8221;4.21.0&#8243; _module_preset=&#8221;default&#8221; custom_margin=&#8221;40px|auto||auto||&#8221; global_colors_info=&#8221;{}&#8221;][et_pb_column type=&#8221;4_4&#8243; _builder_version=&#8221;4.21.0&#8243; _module_preset=&#8221;default&#8221; global_colors_info=&#8221;{}&#8221;][et_pb_text _builder_version=&#8221;4.21.0&#8243; _module_preset=&#8221;default&#8221; background_color=&#8221;#E02B20&#8243; use_background_color_gradient=&#8221;on&#8221; background_color_gradient_direction=&#8221;360deg&#8221; background_color_gradient_stops=&#8221;#2967db 44%|#164bad 100%&#8221; background_color_gradient_start=&#8221;#2967db&#8221; background_color_gradient_start_position=&#8221;44%&#8221; background_color_gradient_end=&#8221;#164bad&#8221; custom_margin=&#8221;-6px||||false|false&#8221; custom_padding=&#8221;4px||||false|false&#8221; global_colors_info=&#8221;{}&#8221;][\/et_pb_text][et_pb_text _builder_version=&#8221;4.21.0&#8243; _module_preset=&#8221;default&#8221; text_font_size=&#8221;27px&#8221; header_font_size=&#8221;26px&#8221; module_alignment=&#8221;center&#8221; custom_margin=&#8221;-3px|||||&#8221; custom_padding=&#8221;||15px|||&#8221; global_colors_info=&#8221;{}&#8221;]<\/p>\n<h1 style=\"text-align: center;\"><span style=\"color: #000080;\"><strong>Mission Jeunesse<\/strong><\/span><\/h1>\n<h4 style=\"text-align: center;\"><span style=\"color: #000080;\">5\u00e8me \u00e9dition, concours d&#8217;\u00e9criture et de dessin<\/span><\/h4>\n<h1 style=\"text-align: center;\"><span style=\"color: #000080; font-size: xx-large;\"><strong>Do it yourself, Recycl\u2019Art Ocean !<\/strong><\/span><\/h1>\n<p>[\/et_pb_text][et_pb_text _builder_version=&#8221;4.16&#8243; _module_preset=&#8221;default&#8221; background_color=&#8221;#0c71c3&#8243; use_background_color_gradient=&#8221;on&#8221; background_color_gradient_direction=&#8221;360deg&#8221; background_color_gradient_stops=&#8221;#2967db 44%|#164bad 100%&#8221; background_color_gradient_start=&#8221;#2967db&#8221; background_color_gradient_start_position=&#8221;44%&#8221; background_color_gradient_end=&#8221;#164bad&#8221; custom_margin=&#8221;-6px||||false|false&#8221; custom_padding=&#8221;4px||||false|false&#8221; global_colors_info=&#8221;{}&#8221;][\/et_pb_text][\/et_pb_column][\/et_pb_row][et_pb_row _builder_version=&#8221;4.21.0&#8243; _module_preset=&#8221;default&#8221; global_colors_info=&#8221;{}&#8221;][et_pb_column type=&#8221;4_4&#8243; _builder_version=&#8221;4.21.0&#8243; _module_preset=&#8221;default&#8221; global_colors_info=&#8221;{}&#8221;][et_pb_text _builder_version=&#8221;4.21.0&#8243; _module_preset=&#8221;default&#8221; custom_padding=&#8221;|||42px||&#8221; global_colors_info=&#8221;{}&#8221;]<\/p>\n<h2 class=\"p1\" style=\"text-align: center;\"><\/h2>\n<h2 class=\"p1\" style=\"text-align: center;\">Nous d\u00e9cidons de faire de la 5\u00e8me \u00e9dition <strong>un moyen unique d\u2019expression artistique ou corporel<\/strong> d\u00e9di\u00e9 \u00e0 l\u2019Oc\u00e9an, sans le barrage de langue et de l\u2019ouvrir \u00e0 tous les \u00e9tudiants <strong>sans limite d\u2019\u00e2ge<\/strong> pour favoriser la formation continue et la reconversion professionnelle pour des m\u00e9tiers vertueux.<\/h2>\n<h2 class=\"p1\" style=\"text-align: center;\">Le th\u00e8me est :<\/h2>\n<h2 class=\"p1\" style=\"text-align: center;\"><strong>\u00ab Do It Yourself, Recycl\u2019Art Ocean ! \u00bb<\/strong><\/h2>\n<h2 class=\"p1\" style=\"text-align: center;\">Nous sommes heureux que <strong>Laurent BALLESTA<\/strong>, biologiste marin et photographe, reconnu mondialement, renouvelle sa pr\u00e9sence en tant que parrain \u00e0 nos c\u00f4t\u00e9s!<\/h2>\n<p>[\/et_pb_text][\/et_pb_column][\/et_pb_row][\/et_pb_section][et_pb_section fb_built=&#8221;1&#8243; admin_label=&#8221;About&#8221; _builder_version=&#8221;4.16&#8243; custom_padding=&#8221;0px||3px|||&#8221; global_colors_info=&#8221;{}&#8221;][et_pb_row _builder_version=&#8221;4.21.0&#8243; _module_preset=&#8221;default&#8221; global_colors_info=&#8221;{}&#8221;][et_pb_column type=&#8221;4_4&#8243; _builder_version=&#8221;4.21.0&#8243; _module_preset=&#8221;default&#8221; global_colors_info=&#8221;{}&#8221;][et_pb_text _builder_version=&#8221;4.21.0&#8243; _module_preset=&#8221;default&#8221; text_font_size=&#8221;8px&#8221; text_line_height=&#8221;1.6em&#8221; header_font_size=&#8221;26px&#8221; background_color=&#8221;RGBA(255,255,255,0)&#8221; text_orientation=&#8221;center&#8221; custom_margin=&#8221;0px||||false|false&#8221; link_option_url=&#8221;https:\/\/nouslesambitieuses.com\/wp-content\/uploads\/2025\/10\/dossier-daccompagnement-concours-2025-2026-copie.pdf&#8221; border_width_all=&#8221;6px&#8221; border_color_all=&#8221;#E02B20&#8243; global_colors_info=&#8221;{}&#8221;]<\/p>\n<h1 style=\"text-align: center;\"><span style=\"color: #ff0000;\"><strong>Tout savoir sur le concours, d\u00e9couvrez notre dossier d&#8217;accompagnement<\/strong><\/span><\/h1>\n<p>[\/et_pb_text][et_pb_text _builder_version=&#8221;4.21.0&#8243; _module_preset=&#8221;default&#8221; text_font=&#8221;||on||||||&#8221; text_font_size=&#8221;38px&#8221; text_orientation=&#8221;center&#8221; link_option_url=&#8221;https:\/\/unesco.delegfrance.org\/L-association-Nous-les-Ambitieuses-organise-la-5eme-edition-du-concours&#8221; global_colors_info=&#8221;{}&#8221;]<\/p>\n<p>D\u00e9couvrez notre concours via l&#8217;UNESCO<\/p>\n<p>[\/et_pb_text][et_pb_video src=&#8221;https:\/\/nouslesambitieuses.com\/wp-content\/uploads\/2025\/12\/S.A.S-Prince-Albert-II-de-Monaco-2025-2.mp4&#8243; _builder_version=&#8221;4.21.0&#8243; _module_preset=&#8221;default&#8221; width=&#8221;51%&#8221; module_alignment=&#8221;center&#8221; global_colors_info=&#8221;{}&#8221;][\/et_pb_video][\/et_pb_column][\/et_pb_row][et_pb_row column_structure=&#8221;1_2,1_2&#8243; _builder_version=&#8221;4.21.0&#8243; _module_preset=&#8221;default&#8221; global_colors_info=&#8221;{}&#8221;][et_pb_column type=&#8221;1_2&#8243; _builder_version=&#8221;4.21.0&#8243; _module_preset=&#8221;default&#8221; global_colors_info=&#8221;{}&#8221;][dsm_perspective_image src=&#8221;https:\/\/nouslesambitieuses.com\/wp-content\/uploads\/2025\/10\/Capture-decran-2025-10-10-a-10.25.47.png&#8221; title_text=&#8221;Capture d\u2019e\u0301cran 2025-10-10 a\u0300 10.25.47&#8243; url=&#8221;https:\/\/nouslesambitieuses.com\/wp-content\/uploads\/2026\/03\/dossier-daccompagnement-concours-2025-2026.pdf&#8221; align=&#8221;center&#8221; _builder_version=&#8221;4.21.0&#8243; _module_preset=&#8221;default&#8221; width=&#8221;100%&#8221; hover_enabled=&#8221;0&#8243; global_colors_info=&#8221;{}&#8221; sticky_enabled=&#8221;0&#8243;][\/dsm_perspective_image][\/et_pb_column][et_pb_column type=&#8221;1_2&#8243; _builder_version=&#8221;4.21.0&#8243; _module_preset=&#8221;default&#8221; global_colors_info=&#8221;{}&#8221;][dsm_perspective_image src=&#8221;https:\/\/nouslesambitieuses.com\/wp-content\/uploads\/2025\/10\/Capture-decran-2025-10-10-a-10.27.51.png&#8221; title_text=&#8221;Capture d\u2019e\u0301cran 2025-10-10 a\u0300 10.27.51&#8243; url=&#8221;https:\/\/nouslesambitieuses.com\/wp-content\/uploads\/2026\/03\/dossier-daccompagnement-concours-2025-2026-Anglais.pdf&#8221; align=&#8221;center&#8221; _builder_version=&#8221;4.21.0&#8243; _module_preset=&#8221;default&#8221; width=&#8221;100%&#8221; hover_enabled=&#8221;0&#8243; global_colors_info=&#8221;{}&#8221; sticky_enabled=&#8221;0&#8243;][\/dsm_perspective_image][\/et_pb_column][\/et_pb_row][et_pb_row column_structure=&#8221;1_3,1_3,1_3&#8243; _builder_version=&#8221;4.21.0&#8243; _module_preset=&#8221;default&#8221; global_colors_info=&#8221;{}&#8221;][et_pb_column type=&#8221;1_3&#8243; _builder_version=&#8221;4.21.0&#8243; _module_preset=&#8221;default&#8221; global_colors_info=&#8221;{}&#8221;][et_pb_text _builder_version=&#8221;4.21.0&#8243; _module_preset=&#8221;default&#8221; text_font=&#8221;|800|||||||&#8221; header_font=&#8221;|800|||||||&#8221; header_text_align=&#8221;center&#8221; header_text_color=&#8221;#0C71C3&#8243; header_font_size=&#8221;40px&#8221; text_orientation=&#8221;center&#8221; module_alignment=&#8221;center&#8221; global_colors_info=&#8221;{}&#8221;]<\/p>\n<h1>Les prix \u00e0 gagner<\/h1>\n<p>[\/et_pb_text][et_pb_image src=&#8221;https:\/\/nouslesambitieuses.com\/wp-content\/uploads\/2025\/10\/istockphoto-1477780233-612&#215;612-1.jpg&#8221; title_text=&#8221;trophy icon vector design template simple and modern&#8221; _builder_version=&#8221;4.21.0&#8243; _module_preset=&#8221;default&#8221; width=&#8221;67%&#8221; module_alignment=&#8221;center&#8221; custom_margin=&#8221;-45px||||false|false&#8221; custom_padding=&#8221;0px||||false|false&#8221; global_colors_info=&#8221;{}&#8221;][\/et_pb_image][\/et_pb_column][et_pb_column type=&#8221;1_3&#8243; _builder_version=&#8221;4.21.0&#8243; _module_preset=&#8221;default&#8221; global_colors_info=&#8221;{}&#8221;][et_pb_text _builder_version=&#8221;4.21.0&#8243; _module_preset=&#8221;default&#8221; text_font=&#8221;|700|||||||&#8221; text_font_size=&#8221;40px&#8221; text_letter_spacing=&#8221;3px&#8221; header_font=&#8221;|700|||||||&#8221; header_text_align=&#8221;center&#8221; header_font_size=&#8221;35px&#8221; header_3_font=&#8221;||||||||&#8221; header_3_font_size=&#8221;50px&#8221; text_orientation=&#8221;center&#8221; module_alignment=&#8221;center&#8221; custom_margin=&#8221;||0px|||&#8221; global_colors_info=&#8221;{}&#8221;]<\/p>\n<h2><span style=\"font-size: xx-large;\"><strong><em><span style=\"color: #339966;\">3\u00e8me laur\u00e9at:<\/span> Un smart Notebook<\/em><\/strong><\/span><\/h2>\n<h2><strong><em><\/em><\/strong><\/h2>\n<h2><span style=\"font-size: xx-large;\"><strong><em><span style=\"color: #339966;\">2\u00e8me laur\u00e9at:<\/span> Une camera sportive<\/em><\/strong><\/span><\/h2>\n<h2><strong><em><\/em><\/strong><\/h2>\n<h2><span style=\"font-size: xx-large;\"><strong><em><span style=\"color: #339966;\">1er laur\u00e9at:<\/span> Une tablette graphique<\/em><\/strong><\/span><\/h2>\n<p>[\/et_pb_text][\/et_pb_column][et_pb_column type=&#8221;1_3&#8243; _builder_version=&#8221;4.21.0&#8243; _module_preset=&#8221;default&#8221; global_colors_info=&#8221;{}&#8221;][et_pb_text _builder_version=&#8221;4.21.0&#8243; _module_preset=&#8221;default&#8221; header_font_size=&#8221;36px&#8221; header_3_font_size=&#8221;27px&#8221; global_colors_info=&#8221;{}&#8221;]<\/p>\n<h3 class=\"p1\" style=\"text-align: center;\"><span style=\"color: #339966;\"><strong><i>Du 1er au 10\u00e8me laur\u00e9at<\/i><\/strong><\/span><\/h3>\n<h3 class=\"p1\" style=\"text-align: center;\"><i><\/i><\/h3>\n<h3 class=\"p1\" style=\"text-align: center;\"><i>Une boite incluant :<\/i><\/h3>\n<h3 class=\"p1\" style=\"text-align: center;\"><i>1 Kit artistique r\u00e9alis\u00e9 par l\u2019artiste <\/i><i>Ylan Anoufa<\/i><\/h3>\n<p><i><\/i><\/p>\n<h3 class=\"p1\" style=\"text-align: center;\"><i>Des produits solaires respectueux de <\/i><i>la mer<\/i><i><\/i><\/h3>\n<p><i><\/i><\/p>\n<p><i><\/i><\/p>\n<h3 class=\"p1\" style=\"text-align: center;\"><i>Un livre de Laurent Ballesta<\/i><\/h3>\n<p>[\/et_pb_text][\/et_pb_column][\/et_pb_row][et_pb_row _builder_version=&#8221;4.21.0&#8243; _module_preset=&#8221;default&#8221; global_colors_info=&#8221;{}&#8221;][et_pb_column type=&#8221;4_4&#8243; _builder_version=&#8221;4.21.0&#8243; _module_preset=&#8221;default&#8221; global_colors_info=&#8221;{}&#8221;][et_pb_code _builder_version=&#8221;4.21.0&#8243; _module_preset=&#8221;default&#8221; global_colors_info=&#8221;{}&#8221;]<iframe style=\"width: 100%; max-width: 1080px;\" height=\"539px\" src=\"https:\/\/oembed.jotform.com\/251842676292061\" sandbox=\"allow-forms allow-scripts allow-same-origin allow-top-navigation allow-popups allow-popups-to-escape-sandbox\"><\/iframe>[\/et_pb_code][et_pb_text _builder_version=&#8221;4.16&#8243; _module_preset=&#8221;default&#8221; background_color=&#8221;#0c71c3&#8243; use_background_color_gradient=&#8221;on&#8221; background_color_gradient_direction=&#8221;360deg&#8221; background_color_gradient_stops=&#8221;#2967db 44%|#164bad 100%&#8221; background_color_gradient_start=&#8221;#2967db&#8221; background_color_gradient_start_position=&#8221;44%&#8221; background_color_gradient_end=&#8221;#164bad&#8221; custom_margin=&#8221;-6px||||false|false&#8221; custom_padding=&#8221;4px||||false|false&#8221; global_colors_info=&#8221;{}&#8221;][\/et_pb_text][\/et_pb_column][\/et_pb_row][\/et_pb_section][et_pb_section fb_built=&#8221;1&#8243; admin_label=&#8221;Past Events&#8221; _builder_version=&#8221;4.16&#8243; custom_padding=&#8221;11px|||||&#8221; global_colors_info=&#8221;{}&#8221;][et_pb_row column_structure=&#8221;1_2,1_2&#8243; _builder_version=&#8221;4.16&#8243; _module_preset=&#8221;default&#8221; custom_padding=&#8221;0px|||||&#8221; global_colors_info=&#8221;{}&#8221;][et_pb_column type=&#8221;1_2&#8243; _builder_version=&#8221;4.21.0&#8243; _module_preset=&#8221;default&#8221; global_colors_info=&#8221;{}&#8221;][et_pb_video src=&#8221;https:\/\/nouslesambitieuses.com\/wp-content\/uploads\/2025\/10\/unesco-6.mp4&#8243; _builder_version=&#8221;4.21.0&#8243; _module_preset=&#8221;default&#8221; width=&#8221;88%&#8221; module_alignment=&#8221;center&#8221; global_colors_info=&#8221;{}&#8221;][\/et_pb_video][\/et_pb_column][et_pb_column type=&#8221;1_2&#8243; _builder_version=&#8221;4.16&#8243; _module_preset=&#8221;default&#8221; global_colors_info=&#8221;{}&#8221;][et_pb_video src=&#8221;https:\/\/nouslesambitieuses.com\/wp-content\/uploads\/2023\/11\/concours-Jane-Goodall-1.mp4&#8243; _builder_version=&#8221;4.21.0&#8243; _module_preset=&#8221;default&#8221; width=&#8221;98%&#8221; module_alignment=&#8221;center&#8221; min_height=&#8221;180.7px&#8221; global_colors_info=&#8221;{}&#8221;][\/et_pb_video][\/et_pb_column][\/et_pb_row][et_pb_row _builder_version=&#8221;4.21.0&#8243; _module_preset=&#8221;default&#8221; global_colors_info=&#8221;{}&#8221;][et_pb_column type=&#8221;4_4&#8243; _builder_version=&#8221;4.21.0&#8243; _module_preset=&#8221;default&#8221; global_colors_info=&#8221;{}&#8221;][et_pb_text _builder_version=&#8221;4.16&#8243; _module_preset=&#8221;default&#8221; background_color=&#8221;#0c71c3&#8243; use_background_color_gradient=&#8221;on&#8221; background_color_gradient_direction=&#8221;360deg&#8221; background_color_gradient_stops=&#8221;#2967db 44%|#164bad 100%&#8221; background_color_gradient_start=&#8221;#2967db&#8221; background_color_gradient_start_position=&#8221;44%&#8221; background_color_gradient_end=&#8221;#164bad&#8221; custom_margin=&#8221;-6px||||false|false&#8221; custom_padding=&#8221;4px||||false|false&#8221; global_colors_info=&#8221;{}&#8221;][\/et_pb_text][\/et_pb_column][\/et_pb_row][et_pb_row column_structure=&#8221;1_2,1_2&#8243; _builder_version=&#8221;4.16&#8243; _module_preset=&#8221;default&#8221; custom_padding=&#8221;0px|||||&#8221; global_colors_info=&#8221;{}&#8221;][et_pb_column type=&#8221;1_2&#8243; _builder_version=&#8221;4.16&#8243; _module_preset=&#8221;default&#8221; global_colors_info=&#8221;{}&#8221;][et_pb_video src=&#8221;https:\/\/nouslesambitieuses.com\/wp-content\/uploads\/2024\/01\/itw-prof-ny-concours-2_t563080y.mp4&#8243; _builder_version=&#8221;4.21.0&#8243; _module_preset=&#8221;default&#8221; width=&#8221;59%&#8221; module_alignment=&#8221;center&#8221; global_colors_info=&#8221;{}&#8221;][\/et_pb_video][\/et_pb_column][et_pb_column type=&#8221;1_2&#8243; _builder_version=&#8221;4.16&#8243; _module_preset=&#8221;default&#8221; global_colors_info=&#8221;{}&#8221;][et_pb_video src=&#8221;https:\/\/nouslesambitieuses.com\/wp-content\/uploads\/2025\/04\/Zoom-Ballesta-mars_compressed.mp4&#8243; _builder_version=&#8221;4.21.0&#8243; _module_preset=&#8221;default&#8221; width=&#8221;60%&#8221; module_alignment=&#8221;center&#8221; global_colors_info=&#8221;{}&#8221;][\/et_pb_video][\/et_pb_column][\/et_pb_row][et_pb_row _builder_version=&#8221;4.21.0&#8243; _module_preset=&#8221;default&#8221; global_colors_info=&#8221;{}&#8221;][et_pb_column type=&#8221;4_4&#8243; _builder_version=&#8221;4.21.0&#8243; _module_preset=&#8221;default&#8221; global_colors_info=&#8221;{}&#8221;][et_pb_text _builder_version=&#8221;4.16&#8243; _module_preset=&#8221;default&#8221; custom_margin=&#8221;||-28px|||&#8221; global_colors_info=&#8221;{}&#8221;]<\/p>\n<h1 style=\"text-align: center;\"><strong>Les partenaires du concours<\/strong><\/h1>\n<p>[\/et_pb_text][\/et_pb_column][\/et_pb_row][et_pb_row _builder_version=&#8221;4.21.0&#8243; _module_preset=&#8221;default&#8221; global_colors_info=&#8221;{}&#8221;][et_pb_column type=&#8221;4_4&#8243; _builder_version=&#8221;4.21.0&#8243; _module_preset=&#8221;default&#8221; global_colors_info=&#8221;{}&#8221;][et_pb_image src=&#8221;https:\/\/nouslesambitieuses.com\/wp-content\/uploads\/2025\/10\/ever-1.jpg&#8221; title_text=&#8221;ever (1)&#8221; _builder_version=&#8221;4.21.0&#8243; _module_preset=&#8221;default&#8221; global_colors_info=&#8221;{}&#8221;][\/et_pb_image][\/et_pb_column][\/et_pb_row][\/et_pb_section][et_pb_section fb_built=&#8221;1&#8243; _builder_version=&#8221;4.16&#8243; _module_preset=&#8221;default&#8221; global_colors_info=&#8221;{}&#8221;][\/et_pb_section][et_pb_section fb_built=&#8221;1&#8243; admin_label=&#8221;Subscribe&#8221; _builder_version=&#8221;4.16&#8243; use_background_color_gradient=&#8221;on&#8221; background_color_gradient_direction=&#8221;90deg&#8221; background_color_gradient_stops=&#8221;#1A327A 0%|#D30A11 100%&#8221; background_color_gradient_start=&#8221;#1A327A&#8221; background_color_gradient_end=&#8221;#D30A11&#8243; background_image=&#8221;https:\/\/elleslesaudacieuses.com\/wp-content\/uploads\/2020\/08\/dots-2.png&#8221; custom_margin=&#8221;|||&#8221; custom_padding=&#8221;100px||100px||true&#8221; saved_tabs=&#8221;all&#8221; global_colors_info=&#8221;{}&#8221;][\/et_pb_section][et_pb_section fb_built=&#8221;1&#8243; _builder_version=&#8221;4.21.0&#8243; _module_preset=&#8221;default&#8221; global_colors_info=&#8221;{}&#8221;][et_pb_row _builder_version=&#8221;4.21.0&#8243; _module_preset=&#8221;default&#8221; global_colors_info=&#8221;{}&#8221;][et_pb_column type=&#8221;4_4&#8243; _builder_version=&#8221;4.21.0&#8243; _module_preset=&#8221;default&#8221; global_colors_info=&#8221;{}&#8221;][\/et_pb_column][\/et_pb_row][\/et_pb_section]<\/p>\n","protected":false},"excerpt":{"rendered":"<p>Mission Jeunesse 5\u00e8me \u00e9dition, concours d&#8217;\u00e9criture et de dessin Do it yourself, Recycl\u2019Art Ocean ! Nous d\u00e9cidons de faire de la 5\u00e8me \u00e9dition un moyen unique d\u2019expression artistique ou corporel d\u00e9di\u00e9 \u00e0 l\u2019Oc\u00e9an, sans le barrage de langue et de l\u2019ouvrir \u00e0 tous les \u00e9tudiants sans limite d\u2019\u00e2ge pour favoriser la formation continue et la [&hellip;]<\/p>\n","protected":false},"author":2,"featured_media":0,"parent":0,"menu_order":0,"comment_status":"closed","ping_status":"closed","template":"","meta":{"_et_pb_use_builder":"on","_et_pb_old_content":"","_et_gb_content_width":"","_monsterinsights_skip_tracking":false,"_monsterinsights_sitenote_active":false,"_monsterinsights_sitenote_note":"","_monsterinsights_sitenote_category":0},"_links":{"self":[{"href":"https:\/\/nouslesambitieuses.com\/index.php\/wp-json\/wp\/v2\/pages\/3154"}],"collection":[{"href":"https:\/\/nouslesambitieuses.com\/index.php\/wp-json\/wp\/v2\/pages"}],"about":[{"href":"https:\/\/nouslesambitieuses.com\/index.php\/wp-json\/wp\/v2\/types\/page"}],"author":[{"embeddable":true,"href":"https:\/\/nouslesambitieuses.com\/index.php\/wp-json\/wp\/v2\/users\/2"}],"replies":[{"embeddable":true,"href":"https:\/\/nouslesambitieuses.com\/index.php\/wp-json\/wp\/v2\/comments?post=3154"}],"version-history":[{"count":26,"href":"https:\/\/nouslesambitieuses.com\/index.php\/wp-json\/wp\/v2\/pages\/3154\/revisions"}],"predecessor-version":[{"id":3272,"href":"https:\/\/nouslesambitieuses.com\/index.php\/wp-json\/wp\/v2\/pages\/3154\/revisions\/3272"}],"wp:attachment":[{"href":"https:\/\/nouslesambitieuses.com\/index.php\/wp-json\/wp\/v2\/media?parent=3154"}],"curies":[{"name":"wp","href":"https:\/\/api.w.org\/{rel}","templated":true}]}}