{"id":399,"date":"2020-08-17T13:11:49","date_gmt":"2020-08-17T11:11:49","guid":{"rendered":"https:\/\/elleslesaudacieuses.com\/?page_id=399"},"modified":"2022-06-28T20:29:08","modified_gmt":"2022-06-28T18:29:08","slug":"nosactions","status":"publish","type":"page","link":"https:\/\/nouslesambitieuses.com\/index.php\/nosactions\/","title":{"rendered":"Nos actions"},"content":{"rendered":"\n[et_pb_section fb_built=&#8221;1&#8243; fullwidth=&#8221;on&#8221; admin_label=&#8221;Header&#8221; _builder_version=&#8221;4.5.3&#8243; background_color=&#8221;#1A327A&#8221; use_background_color_gradient=&#8221;on&#8221; background_color_gradient_start=&#8221;#1A327A&#8221; background_color_gradient_end=&#8221;#d30a11&#8243; background_enable_image=&#8221;off&#8221; parallax=&#8221;on&#8221; min_height=&#8221;38px&#8221; custom_padding=&#8221;84px|||||&#8221; animation_style=&#8221;slide&#8221; animation_direction=&#8221;top&#8221; animation_intensity_slide=&#8221;2%&#8221; locked=&#8221;off&#8221;][et_pb_fullwidth_header title=&#8221;Nos actions positives&#8221; text_orientation=&#8221;center&#8221; _builder_version=&#8221;4.5.3&#8243; _module_preset=&#8221;default&#8221; title_font=&#8221;Roboto|700|||||||&#8221; title_font_size=&#8221;36px&#8221; background_color=&#8221;rgba(0,0,0,0)&#8221; min_height=&#8221;165px&#8221; custom_margin=&#8221;-158px||-5px||false|false&#8221; custom_padding=&#8221;87px||0px||false|false&#8221;][\/et_pb_fullwidth_header][\/et_pb_section][et_pb_section fb_built=&#8221;1&#8243; _builder_version=&#8221;4.5.3&#8243; _module_preset=&#8221;default&#8221; background_image=&#8221;https:\/\/elleslesaudacieuses.com\/wp-content\/uploads\/2020\/08\/bg-4.png&#8221; background_size=&#8221;initial&#8221; background_position=&#8221;bottom_right&#8221;][et_pb_row _builder_version=&#8221;4.5.3&#8243; _module_preset=&#8221;default&#8221; custom_padding=&#8221;30px|||||&#8221;][et_pb_column type=&#8221;4_4&#8243; _builder_version=&#8221;4.5.3&#8243; _module_preset=&#8221;default&#8221;][et_pb_text _builder_version=&#8221;4.5.3&#8243; _module_preset=&#8221;default&#8221; header_font=&#8221;Roboto|300|||||||&#8221; header_text_color=&#8221;#1A327A&#8221; header_text_align_tablet=&#8221;&#8221; header_text_align_phone=&#8221;center&#8221; header_text_align_last_edited=&#8221;on|phone&#8221;]<h1>Nos 3 <strong>axes<\/strong> de <strong>travail<\/strong><\/h1>[\/et_pb_text][\/et_pb_column][\/et_pb_row][et_pb_row column_structure=&#8221;1_3,1_3,1_3&#8243; _builder_version=&#8221;4.5.3&#8243; _module_preset=&#8221;default&#8221; custom_margin=&#8221;-16px|auto|75px|auto||&#8221; custom_padding=&#8221;10px||8px|||&#8221;][et_pb_column type=&#8221;1_3&#8243; _builder_version=&#8221;4.5.3&#8243; _module_preset=&#8221;default&#8221;][dsm_flipbox flipbox_effect=&#8221;down&#8221; _builder_version=&#8221;4.5.3&#8243; _module_preset=&#8221;default&#8221; border_radii=&#8221;on|5px|5px|5px|5px&#8221;][dsm_flipbox_child title=&#8221;Nous Les Ambitieuses! s\u2019inspire&#8221; button_url_new_window=&#8221;1&#8243; _builder_version=&#8221;4.5.3&#8243; _module_preset=&#8221;default&#8221; header_font=&#8221;Roboto|700|||||||&#8221; header_text_color=&#8221;#1A327A&#8221; header_font_size=&#8221;23px&#8221; background_enable_image=&#8221;off&#8221; background_size=&#8221;contain&#8221; background_position=&#8221;top_right&#8221; text_orientation=&#8221;center&#8221; border_width_all=&#8221;2px&#8221; border_color_all=&#8221;#1A327A&#8221;][\/dsm_flipbox_child][dsm_flipbox_child button_url_new_window=&#8221;1&#8243; _builder_version=&#8221;4.5.3&#8243; _module_preset=&#8221;default&#8221; background_color=&#8221;#1A327A&#8221; background_enable_color=&#8221;on&#8221; background_enable_image=&#8221;off&#8221; background_size=&#8221;contain&#8221; background_position=&#8221;top_right&#8221; text_orientation=&#8221;center&#8221; background_layout=&#8221;dark&#8221; custom_padding=&#8221;15px|15px|15px|15px|true|true&#8221;]<h4 class=\"p1\">Rencontres avec les instances associations \u00e0 l\u2019international pour se nourir et partger nos experiences.<\/h4>[\/dsm_flipbox_child][\/dsm_flipbox][\/et_pb_column][et_pb_column type=&#8221;1_3&#8243; _builder_version=&#8221;4.5.3&#8243; _module_preset=&#8221;default&#8221;][dsm_flipbox flipbox_effect=&#8221;down&#8221; _builder_version=&#8221;4.5.3&#8243; _module_preset=&#8221;default&#8221; border_radii=&#8221;on|5px|5px|5px|5px&#8221;][dsm_flipbox_child title=&#8221;Nous Les Ambitieuses! \u00e9change&#8221; button_url_new_window=&#8221;1&#8243; _builder_version=&#8221;4.5.3&#8243; _module_preset=&#8221;default&#8221; header_font=&#8221;Roboto|700|||||||&#8221; header_text_color=&#8221;#C1BEBE&#8221; header_font_size=&#8221;23px&#8221; background_enable_image=&#8221;off&#8221; background_size=&#8221;contain&#8221; background_position=&#8221;top_right&#8221; text_orientation=&#8221;center&#8221; border_width_all=&#8221;2px&#8221; border_color_all=&#8221;#C1BEBE&#8221;][\/dsm_flipbox_child][dsm_flipbox_child button_url_new_window=&#8221;1&#8243; _builder_version=&#8221;4.5.3&#8243; _module_preset=&#8221;default&#8221; background_color=&#8221;#C1BEBE&#8221; background_enable_color=&#8221;on&#8221; background_enable_image=&#8221;off&#8221; background_size=&#8221;contain&#8221; background_position=&#8221;top_right&#8221; text_orientation=&#8221;center&#8221; background_layout=&#8221;dark&#8221; custom_padding=&#8221;15px|15px|15px|15px|true|true&#8221;]<h4 class=\"p1\">Masterclass, rencontres, d\u00e9bats, \u201cLib\u00e9rer la parole\u201c. \u00c9couter , transmettre, partager.<\/h4>[\/dsm_flipbox_child][\/dsm_flipbox][\/et_pb_column][et_pb_column type=&#8221;1_3&#8243; _builder_version=&#8221;4.5.3&#8243; _module_preset=&#8221;default&#8221;][dsm_flipbox flipbox_effect=&#8221;down&#8221; _builder_version=&#8221;4.5.3&#8243; _module_preset=&#8221;default&#8221; border_radii=&#8221;on|5px|5px|5px|5px&#8221;][dsm_flipbox_child title=&#8221;Nous Les Ambitieuses! s\u2019engage&#8221; button_url_new_window=&#8221;1&#8243; _builder_version=&#8221;4.5.3&#8243; _module_preset=&#8221;default&#8221; header_font=&#8221;Roboto|700|||||||&#8221; header_text_color=&#8221;#D30A11&#8243; header_font_size=&#8221;23px&#8221; background_enable_image=&#8221;off&#8221; background_size=&#8221;contain&#8221; background_position=&#8221;top_right&#8221; text_orientation=&#8221;center&#8221; border_width_all=&#8221;2px&#8221; border_color_all=&#8221;#D30A11&#8243;][\/dsm_flipbox_child][dsm_flipbox_child button_url_new_window=&#8221;1&#8243; _builder_version=&#8221;4.5.3&#8243; _module_preset=&#8221;default&#8221; background_color=&#8221;#D30A11&#8243; background_enable_color=&#8221;on&#8221; background_enable_image=&#8221;off&#8221; background_size=&#8221;contain&#8221; background_position=&#8221;top_right&#8221; text_orientation=&#8221;center&#8221; background_layout=&#8221;dark&#8221; custom_padding=&#8221;15px|15px|15px|15px|true|true&#8221;]<h4 class=\"p1\">Aller \u00e0 la rencontre des citoyens pour promouvoir et favoriser les circuits courts et productions locales.<\/h4>[\/dsm_flipbox_child][\/dsm_flipbox][\/et_pb_column][\/et_pb_row][et_pb_row _builder_version=&#8221;4.5.3&#8243; _module_preset=&#8221;default&#8221; custom_margin=&#8221;2px|auto||auto||&#8221; custom_padding=&#8221;20px|||||&#8221;][et_pb_column type=&#8221;4_4&#8243; _builder_version=&#8221;4.5.3&#8243; _module_preset=&#8221;default&#8221;][et_pb_text _builder_version=&#8221;4.5.3&#8243; _module_preset=&#8221;default&#8221; header_2_font=&#8221;Roboto|300|||||||&#8221; header_2_text_align=&#8221;center&#8221; header_2_text_color=&#8221;#1A327A&#8221; header_2_font_size=&#8221;28px&#8221;]<h2>La <strong>culture<\/strong> et l&#8217;action <strong>positive<\/strong> comme moyens d&#8217;<strong>\u00e9changes<\/strong>\u00a0et de <strong>r\u00e9conciliation<\/strong><\/h2>[\/et_pb_text][\/et_pb_column][\/et_pb_row][et_pb_row _builder_version=&#8221;4.5.3&#8243; _module_preset=&#8221;default&#8221; custom_margin=&#8221;-4px|auto||auto||&#8221; custom_padding=&#8221;13px||6px|||&#8221;][et_pb_column type=&#8221;4_4&#8243; _builder_version=&#8221;4.5.3&#8243; _module_preset=&#8221;default&#8221;][et_pb_text _builder_version=&#8221;4.5.3&#8243; _module_preset=&#8221;default&#8221; text_font=&#8221;Roboto||||||||&#8221; header_5_font=&#8221;Roboto|300|||||||&#8221; header_5_text_color=&#8221;#282828&#8243; custom_margin=&#8221;-1px|||||&#8221;]<h5>Nous Les Ambitieuses!, choisit l\u2019axe culturel et l\u2019action positive pour raviver les forces vives et transmettre<br \/> leurs \u00e9nergies, leur volont\u00e9, leur enthousiasme sur le territoire national et au-del\u00e0 !<\/h5>[\/et_pb_text][et_pb_text _builder_version=&#8221;4.5.3&#8243; _module_preset=&#8221;default&#8221; header_4_font=&#8221;Roboto||||||||&#8221; header_4_text_color=&#8221;#282828&#8243;]<h4>Culture, \u00e9ducation, \u00e9cologie, s\u00e9curit\u00e9, \u00e9conomie, sant\u00e9 et devoir de m\u00e9moire sont au coeur de nos actions<\/h4>[\/et_pb_text][et_pb_text ul_type=&#8221;square&#8221; _builder_version=&#8221;4.5.3&#8243; _module_preset=&#8221;default&#8221; ul_font=&#8221;Roboto||||||||&#8221; ul_text_color=&#8221;#6b6b6b&#8221; custom_margin=&#8221;||5px|||&#8221;]<ul>\n<li>Faire de la culture un vecteur de connaissance, de r\u00e9conciliation et de dialogue entre le citoyens<\/li>\n<li>Cr\u00e9er des ponts culturels entre la capitale et les r\u00e9gions<\/li>\n<li>R\u00e9concilier la soci\u00e9t\u00e9 civile avec le secteur public<\/li>\n<\/ul>[\/et_pb_text][dsm_icon_list _builder_version=&#8221;4.5.3&#8243; _module_preset=&#8221;default&#8221; custom_margin=&#8221;||1px|||&#8221;][\/dsm_icon_list][\/et_pb_column][\/et_pb_row][et_pb_row column_structure=&#8221;2_3,1_3&#8243; use_custom_gutter=&#8221;on&#8221; padding_top_bottom_link_1=&#8221;true&#8221; padding_left_right_link_1=&#8221;true&#8221; _builder_version=&#8221;4.5.3&#8243; width=&#8221;70%&#8221; custom_margin=&#8221;2px|auto|-20px|auto||&#8221; custom_padding=&#8221;41px||116px|||&#8221; locked=&#8221;off&#8221;][et_pb_column type=&#8221;2_3&#8243; _builder_version=&#8221;4.5.3&#8243; background_image=&#8221;https:\/\/elleslesaudacieuses.com\/wp-content\/uploads\/2020\/08\/fond_1_carr__bleu.png&#8221; custom_padding=&#8221;50px|50px|50px|50px&#8221; custom_padding_tablet=&#8221;&#8221; custom_padding_phone=&#8221;20px|20px|20px|20px|true|true&#8221; custom_padding_last_edited=&#8221;on|phone&#8221; custom_padding__hover=&#8221;|||&#8221;][et_pb_image src=&#8221;https:\/\/nouslesambitieuses.com\/wp-content\/uploads\/2021\/09\/IMG_5823-scaled.jpg&#8221; title_text=&#8221;IMG_5823&#8243; align_tablet=&#8221;center&#8221; align_phone=&#8221;&#8221; align_last_edited=&#8221;on|desktop&#8221; _builder_version=&#8221;4.5.3&#8243; background_enable_image=&#8221;off&#8221; background_size=&#8221;initial&#8221; animation_style=&#8221;zoom&#8221; animation_intensity_zoom=&#8221;10%&#8221; box_shadow_style=&#8221;preset1&#8243; box_shadow_vertical=&#8221;32px&#8221; box_shadow_blur=&#8221;100px&#8221; box_shadow_color=&#8221;rgba(0,0,0,0.15)&#8221;][\/et_pb_image][et_pb_text _builder_version=&#8221;4.5.3&#8243; _module_preset=&#8221;default&#8221; text_font=&#8221;Roboto|300|||||||&#8221; header_2_font=&#8221;Roboto||||||||&#8221; header_2_text_color=&#8221;#1A327A&#8221; custom_margin=&#8221;||-39px|||&#8221;]<h2>Conf\u00e9rences<\/h2>\n<p>S\u00e9quence avec le Ministre de l&#8217;Education, de la Jeunesse et des Sports, Jean-Michel Blanquer lors du Congr\u00e8s IUCN<\/p>[\/et_pb_text][\/et_pb_column][et_pb_column type=&#8221;1_3&#8243; _builder_version=&#8221;4.5.3&#8243; custom_padding=&#8221;0px||||false|false&#8221; custom_padding_tablet=&#8221;0px|||&#8221; custom_padding_phone=&#8221;&#8221; custom_padding_last_edited=&#8221;on|desktop&#8221; custom_padding__hover=&#8221;|||&#8221;][\/et_pb_column][\/et_pb_row][et_pb_row column_structure=&#8221;1_4,3_4&#8243; use_custom_gutter=&#8221;on&#8221; make_equal=&#8221;on&#8221; padding_top_bottom_link_1=&#8221;true&#8221; padding_left_right_link_1=&#8221;true&#8221; _builder_version=&#8221;4.5.3&#8243; width=&#8221;70%&#8221; custom_margin=&#8221;-14px|auto||auto||&#8221; custom_padding=&#8221;0px||0px|||&#8221; locked=&#8221;off&#8221;][et_pb_column type=&#8221;1_4&#8243; _builder_version=&#8221;4.5.3&#8243; custom_padding=&#8221;0px||||false|false&#8221; custom_padding_tablet=&#8221;0px|||&#8221; custom_padding_phone=&#8221;&#8221; custom_padding_last_edited=&#8221;on|desktop&#8221; custom_padding__hover=&#8221;|||&#8221;][\/et_pb_column][et_pb_column type=&#8221;3_4&#8243; _builder_version=&#8221;4.5.3&#8243; background_image=&#8221;https:\/\/elleslesaudacieuses.com\/wp-content\/uploads\/2020\/08\/fond_2_carr__rouge___1.png&#8221; custom_padding=&#8221;50px|50px|50px|50px&#8221; custom_padding_tablet=&#8221;&#8221; custom_padding_phone=&#8221;20px|20px|20px|20px|true|true&#8221; custom_padding_last_edited=&#8221;on|phone&#8221; custom_padding__hover=&#8221;|||&#8221;][et_pb_image src=&#8221;https:\/\/nouslesambitieuses.com\/wp-content\/uploads\/2021\/02\/P1110403-scaled.jpg&#8221; title_text=&#8221;P1110403&#8243; align_tablet=&#8221;center&#8221; align_phone=&#8221;&#8221; align_last_edited=&#8221;on|desktop&#8221; _builder_version=&#8221;4.5.3&#8243; background_enable_image=&#8221;off&#8221; background_size=&#8221;initial&#8221; animation_style=&#8221;zoom&#8221; animation_intensity_zoom=&#8221;10%&#8221; box_shadow_style=&#8221;preset1&#8243; box_shadow_vertical=&#8221;32px&#8221; box_shadow_blur=&#8221;100px&#8221; box_shadow_color=&#8221;rgba(0,0,0,0.15)&#8221;][\/et_pb_image][et_pb_text _builder_version=&#8221;4.5.3&#8243; _module_preset=&#8221;default&#8221; text_font=&#8221;Roboto|300|||||||&#8221; header_2_font=&#8221;Roboto||||||||&#8221; header_2_text_align=&#8221;right&#8221; header_2_text_color=&#8221;#d30A11&#8243; text_orientation=&#8221;right&#8221; custom_margin=&#8221;||-39px|||&#8221;]<h2>Ateliers<\/h2>\n<p>Ateliers de lecture pour les enfants lors des f\u00eates de fin d&#8217;ann\u00e9es<\/p>[\/et_pb_text][\/et_pb_column][\/et_pb_row][et_pb_row column_structure=&#8221;3_4,1_4&#8243; use_custom_gutter=&#8221;on&#8221; padding_top_bottom_link_1=&#8221;true&#8221; padding_left_right_link_1=&#8221;true&#8221; _builder_version=&#8221;4.5.3&#8243; width=&#8221;70%&#8221; min_height=&#8221;443px&#8221; custom_margin=&#8221;56px|auto|0px|auto|false|false&#8221; custom_padding=&#8221;44px||137px||false|false&#8221; locked=&#8221;off&#8221;][et_pb_column type=&#8221;3_4&#8243; _builder_version=&#8221;4.5.3&#8243; background_image=&#8221;https:\/\/elleslesaudacieuses.com\/wp-content\/uploads\/2020\/08\/fond_1_carr__bleu.png&#8221; custom_padding=&#8221;50px|50px|50px|50px&#8221; custom_padding_tablet=&#8221;&#8221; custom_padding_phone=&#8221;20px|20px|20px|20px|true|true&#8221; custom_padding_last_edited=&#8221;on|phone&#8221; custom_padding__hover=&#8221;|||&#8221;][et_pb_image src=&#8221;https:\/\/nouslesambitieuses.com\/wp-content\/uploads\/2021\/10\/P1150220-scaled.jpg&#8221; title_text=&#8221;P1150220&#8243; align_tablet=&#8221;center&#8221; align_phone=&#8221;&#8221; align_last_edited=&#8221;on|desktop&#8221; _builder_version=&#8221;4.5.3&#8243; background_enable_image=&#8221;off&#8221; background_size=&#8221;initial&#8221; animation_style=&#8221;zoom&#8221; animation_intensity_zoom=&#8221;10%&#8221; box_shadow_style=&#8221;preset1&#8243; box_shadow_vertical=&#8221;32px&#8221; box_shadow_blur=&#8221;100px&#8221; box_shadow_color=&#8221;rgba(0,0,0,0.15)&#8221;][\/et_pb_image][et_pb_text _builder_version=&#8221;4.5.3&#8243; _module_preset=&#8221;default&#8221; text_font=&#8221;Roboto|300|||||||&#8221; header_2_font=&#8221;Roboto||||||||&#8221; header_2_text_color=&#8221;#1A327A&#8221; custom_margin=&#8221;||-60px|||&#8221; custom_padding=&#8221;||4px|||&#8221;]<h2>Concours et projets<\/h2>\n<h2><span style=\"font-size: 14px; color: #666666;\">Des concours et des projets organis\u00e9s \u00e0 travers toute la France pour la jeune g\u00e9n\u00e9ration<\/span><\/h2>[\/et_pb_text][\/et_pb_column][et_pb_column type=&#8221;1_4&#8243; _builder_version=&#8221;4.5.3&#8243; custom_padding=&#8221;0px||||false|false&#8221; custom_padding_tablet=&#8221;0px|||&#8221; custom_padding_phone=&#8221;|0px|0px|0px|false|false&#8221; custom_padding_last_edited=&#8221;on|desktop&#8221; custom_padding__hover=&#8221;|||&#8221;][\/et_pb_column][\/et_pb_row][et_pb_row column_structure=&#8221;1_4,3_4&#8243; use_custom_gutter=&#8221;on&#8221; padding_top_bottom_link_1=&#8221;true&#8221; padding_left_right_link_1=&#8221;true&#8221; _builder_version=&#8221;4.5.3&#8243; width=&#8221;70%&#8221; custom_margin=&#8221;-2px|auto||auto||&#8221; custom_padding=&#8221;0px|||||&#8221; locked=&#8221;off&#8221;][et_pb_column type=&#8221;1_4&#8243; _builder_version=&#8221;4.5.3&#8243; custom_padding=&#8221;0px||||false|false&#8221; custom_padding_tablet=&#8221;0px|||&#8221; custom_padding_phone=&#8221;&#8221; custom_padding_last_edited=&#8221;on|desktop&#8221; custom_padding__hover=&#8221;|||&#8221;][\/et_pb_column][et_pb_column type=&#8221;3_4&#8243; _builder_version=&#8221;4.5.3&#8243; background_image=&#8221;https:\/\/elleslesaudacieuses.com\/wp-content\/uploads\/2020\/08\/fond_2_carr__rouge___1.png&#8221; custom_padding=&#8221;50px|50px|50px|50px&#8221; custom_padding_tablet=&#8221;&#8221; custom_padding_phone=&#8221;20px|20px|20px|20px|true|true&#8221; custom_padding_last_edited=&#8221;on|phone&#8221; custom_padding__hover=&#8221;|||&#8221;][et_pb_image src=&#8221;https:\/\/nouslesambitieuses.com\/wp-content\/uploads\/2021\/10\/P1160283-scaled.jpg&#8221; title_text=&#8221;P1160283&#8243; align_tablet=&#8221;center&#8221; align_phone=&#8221;&#8221; align_last_edited=&#8221;on|desktop&#8221; _builder_version=&#8221;4.5.3&#8243; background_enable_image=&#8221;off&#8221; background_size=&#8221;initial&#8221; animation_style=&#8221;zoom&#8221; animation_intensity_zoom=&#8221;10%&#8221; box_shadow_style=&#8221;preset1&#8243; box_shadow_vertical=&#8221;32px&#8221; box_shadow_blur=&#8221;100px&#8221; box_shadow_color=&#8221;rgba(0,0,0,0.15)&#8221;][\/et_pb_image][et_pb_text _builder_version=&#8221;4.5.3&#8243; _module_preset=&#8221;default&#8221; text_font=&#8221;Roboto|300|||||||&#8221; header_2_font=&#8221;Roboto||||||||&#8221; header_2_text_align=&#8221;right&#8221; header_2_text_color=&#8221;#d30A11&#8243; text_orientation=&#8221;right&#8221;]<h2>Sensibilisation<\/h2>\n<h2><span style=\"font-size: 14px; color: #666666;\">Sensibilisation envers l&#8217;\u00e9cologie<\/span><\/h2>[\/et_pb_text][\/et_pb_column][\/et_pb_row][\/et_pb_section]\n","protected":false},"excerpt":{"rendered":"<p>Nos 3 axes de travail<div class=\"et_pb_module dsm_flipbox dsm_flipbox_0\">\n\t\t\t\t\n\t\t\t\t\n\t\t\t\t\n\t\t\t\t\n\t\t\t\t\n\t\t\t\t\n\t\t\t\t<div class=\"et_pb_module_inner\">\n\t\t\t\t\t<div class=\"dsm-flipbox dsm-flipbox-effect-down\"><div class=\"et_pb_with_border et_pb_module dsm_flipbox_child dsm_flipbox_child_0 et_pb_bg_layout_light  dsm_flipbox_icon_position_top\">\n\t\t\t\t\n\t\t\t\t\n\t\t\t\t\n\t\t\t\t\n\t\t\t\t\n\t\t\t\t\n\t\t\t\t<div class=\"et_pb_module_inner\">\n\t\t\t\t\t\n\t\t\t\n\t\t\t\n\t\t\t<div class=\"dsm_flipbox_wrapper et_pb_text_align_center\">\n\t\t\t\t<h4 class=\"dsm-title et_pb_module_header\">Nous Les Ambitieuses! s\u2019inspire<\/h4>\n\t\t\t\t\n\t\t\t\t\n\t\t\t\t\n\t\t\t<\/div>\n\t\t\t\t<\/div>\n\t\t\t<\/div><div class=\"et_pb_module dsm_flipbox_child dsm_flipbox_child_1 et_pb_bg_layout_dark  dsm_flipbox_icon_position_top\">\n\t\t\t\t\n\t\t\t\t\n\t\t\t\t\n\t\t\t\t\n\t\t\t\t\n\t\t\t\t\n\t\t\t\t<div class=\"et_pb_module_inner\">\n\t\t\t\t\t\n\t\t\t\n\t\t\t\n\t\t\t<div class=\"dsm_flipbox_wrapper et_pb_text_align_center\">\n\t\t\t\t\n\t\t\t\t\n\t\t\t\t<div class=\"dsm-content\">Rencontres avec les instances associations \u00e0 l\u2019international pour se nourir et partger nos experiences.<\/div>\n\t\t\t\t\n\t\t\t<\/div>\n\t\t\t\t<\/div>\n\t\t\t<\/div><\/div>\n\t\t\t\t<\/div>\n\t\t\t<\/div><div class=\"et_pb_module dsm_flipbox dsm_flipbox_1\">\n\t\t\t\t\n\t\t\t\t\n\t\t\t\t\n\t\t\t\t\n\t\t\t\t\n\t\t\t\t\n\t\t\t\t<div class=\"et_pb_module_inner\">\n\t\t\t\t\t<div class=\"dsm-flipbox dsm-flipbox-effect-down\"><\/div>\n\t\t\t\t<\/div>\n\t\t\t<\/div><div class=\"et_pb_module dsm_flipbox_child dsm_flipbox_child_2 et_pb_bg_layout_light  dsm_flipbox_icon_position_top\">\n\t\t\t\t\n\t\t\t\t\n\t\t\t\t\n\t\t\t\t\n\t\t\t\t\n\t\t\t\t\n\t\t\t\t<div class=\"et_pb_module_inner\">\n\t\t\t\t\t\n\t\t\t\n\t\t\t\n\t\t\t<div class=\"dsm_flipbox_wrapper et_pb_text_align_left\">\n\t\t\t\t<h4 class=\"dsm-title et_pb_module_header\">&#8221;Nous<\/h4>\n\t\t\t\t\n\t\t\t\t\n\t\t\t\t\n\t\t\t<\/div>\n\t\t\t\t<\/div>\n\t\t\t<\/div><\/p>\n","protected":false},"author":2,"featured_media":0,"parent":0,"menu_order":0,"comment_status":"closed","ping_status":"closed","template":"","meta":{"_et_pb_use_builder":"on","_et_pb_old_content":"","_et_gb_content_width":"","_monsterinsights_skip_tracking":false,"_monsterinsights_sitenote_active":false,"_monsterinsights_sitenote_note":"","_monsterinsights_sitenote_category":0},"_links":{"self":[{"href":"https:\/\/nouslesambitieuses.com\/index.php\/wp-json\/wp\/v2\/pages\/399"}],"collection":[{"href":"https:\/\/nouslesambitieuses.com\/index.php\/wp-json\/wp\/v2\/pages"}],"about":[{"href":"https:\/\/nouslesambitieuses.com\/index.php\/wp-json\/wp\/v2\/types\/page"}],"author":[{"embeddable":true,"href":"https:\/\/nouslesambitieuses.com\/index.php\/wp-json\/wp\/v2\/users\/2"}],"replies":[{"embeddable":true,"href":"https:\/\/nouslesambitieuses.com\/index.php\/wp-json\/wp\/v2\/comments?post=399"}],"version-history":[{"count":64,"href":"https:\/\/nouslesambitieuses.com\/index.php\/wp-json\/wp\/v2\/pages\/399\/revisions"}],"predecessor-version":[{"id":2062,"href":"https:\/\/nouslesambitieuses.com\/index.php\/wp-json\/wp\/v2\/pages\/399\/revisions\/2062"}],"wp:attachment":[{"href":"https:\/\/nouslesambitieuses.com\/index.php\/wp-json\/wp\/v2\/media?parent=399"}],"curies":[{"name":"wp","href":"https:\/\/api.w.org\/{rel}","templated":true}]}}