{"id":459,"date":"2020-08-17T15:03:36","date_gmt":"2020-08-17T13:03:36","guid":{"rendered":"https:\/\/elleslesaudacieuses.com\/?page_id=459"},"modified":"2025-11-13T11:47:56","modified_gmt":"2025-11-13T10:47:56","slug":"nosambassadrices","status":"publish","type":"page","link":"https:\/\/nouslesambitieuses.com\/index.php\/nosambassadrices\/","title":{"rendered":"Nos ambassadrices"},"content":{"rendered":"<p>[et_pb_section fb_built=&#8221;1&#8243; fullwidth=&#8221;on&#8221; admin_label=&#8221;Header&#8221; _builder_version=&#8221;4.16&#8243; background_color=&#8221;#1A327A&#8221; use_background_color_gradient=&#8221;on&#8221; background_color_gradient_stops=&#8221;#1A327A 0%|#d30a11 100%&#8221; background_color_gradient_start=&#8221;#1A327A&#8221; background_color_gradient_end=&#8221;#d30a11&#8243; background_enable_image=&#8221;off&#8221; parallax=&#8221;on&#8221; min_height=&#8221;38px&#8221; custom_padding=&#8221;84px|||||&#8221; animation_style=&#8221;slide&#8221; animation_direction=&#8221;top&#8221; animation_intensity_slide=&#8221;2%&#8221; global_colors_info=&#8221;{}&#8221;][et_pb_fullwidth_header title=&#8221;Nos ambassadrices nationales&#8221; text_orientation=&#8221;center&#8221; _builder_version=&#8221;4.16&#8243; _module_preset=&#8221;default&#8221; title_font=&#8221;Roboto|700|||||||&#8221; title_font_size=&#8221;36px&#8221; background_color=&#8221;rgba(0,0,0,0)&#8221; min_height=&#8221;165px&#8221; custom_margin=&#8221;-158px||-5px||false|false&#8221; custom_padding=&#8221;87px||0px||false|false&#8221; global_colors_info=&#8221;{}&#8221;][\/et_pb_fullwidth_header][\/et_pb_section][et_pb_section fb_built=&#8221;1&#8243; admin_label=&#8221;Speakers&#8221; _builder_version=&#8221;4.16&#8243; background_image=&#8221;https:\/\/elleslesaudacieuses.com\/wp-content\/uploads\/2020\/08\/bg-4.png&#8221; background_size=&#8221;initial&#8221; background_position=&#8221;top_left&#8221; max_width=&#8221;100%&#8221; custom_padding=&#8221;|||&#8221; global_colors_info=&#8221;{}&#8221;][et_pb_row column_structure=&#8221;1_3,1_3,1_3&#8243; _builder_version=&#8221;4.16&#8243; width=&#8221;90%&#8221; max_width=&#8221;1400px&#8221; max_width_tablet=&#8221;&#8221; max_width_phone=&#8221;&#8221; max_width_last_edited=&#8221;on|desktop&#8221; global_colors_info=&#8221;{}&#8221;][et_pb_column type=&#8221;1_3&#8243; _builder_version=&#8221;4.16&#8243; custom_padding=&#8221;100px|||&#8221; custom_padding_tablet=&#8221;0px|||&#8221; custom_padding_phone=&#8221;&#8221; custom_padding_last_edited=&#8221;on|tablet&#8221; global_colors_info=&#8221;{}&#8221; custom_padding__hover=&#8221;|||&#8221;][et_pb_text _builder_version=&#8221;4.16&#8243; text_font=&#8221;||||||||&#8221; text_font_size=&#8221;20px&#8221; text_line_height=&#8221;1.9em&#8221; header_font=&#8221;||||||||&#8221; header_2_font=&#8221;Roboto|300|||||||&#8221; header_2_font_size=&#8221;50px&#8221; header_2_line_height=&#8221;1.2em&#8221; max_width=&#8221;700px&#8221; max_width_tablet=&#8221;&#8221; max_width_phone=&#8221;90%&#8221; max_width_last_edited=&#8221;on|desktop&#8221; module_alignment=&#8221;center&#8221; custom_margin=&#8221;-122px||||false|false&#8221; header_2_font_size_tablet=&#8221;40px&#8221; header_2_font_size_phone=&#8221;32px&#8221; header_2_font_size_last_edited=&#8221;on|phone&#8221; global_colors_info=&#8221;{}&#8221;]<\/p>\n<h2>Nos ambassadrices nationales<\/h2>\n<p>[\/et_pb_text][et_pb_text _builder_version=&#8221;4.16&#8243; text_font=&#8221;||||||||&#8221; text_font_size=&#8221;20px&#8221; text_line_height=&#8221;1.9em&#8221; header_font=&#8221;||||||||&#8221; header_2_font=&#8221;Roboto|300|||||||&#8221; header_2_font_size=&#8221;50px&#8221; header_2_line_height=&#8221;1.2em&#8221; max_width=&#8221;700px&#8221; max_width_tablet=&#8221;&#8221; max_width_phone=&#8221;90%&#8221; max_width_last_edited=&#8221;on|desktop&#8221; module_alignment=&#8221;center&#8221; custom_padding=&#8221;0px||23px||false|false&#8221; header_2_font_size_tablet=&#8221;40px&#8221; header_2_font_size_phone=&#8221;32px&#8221; header_2_font_size_last_edited=&#8221;on|phone&#8221; global_colors_info=&#8221;{}&#8221;]<\/p>\n<p><span>Elles sont populaires, connues et aim\u00e9es des fran\u00e7ais. Nos ambassadrices partagent des valeurs \u00e9thiques et durables de celles qui donnent du sens aux actions de l\u2019association. Elles s\u2019engagent, communiquent via leurs r\u00e9seaux sociaux et mettent leur notori\u00e9t\u00e9 \u00e0 profit avec bienveillance et audace\u00a0!<\/span><\/p>\n<p>[\/et_pb_text][et_pb_team_member name=&#8221;C\u00e9cile De MENIBUS&#8221; position=&#8221;Animatrice\/ Productrice, C2M Entertainment&#8221; image_url=&#8221;https:\/\/nouslesambitieuses.com\/wp-content\/uploads\/2025\/05\/Cecile_DE_MENIBUS_Portraits_2024_Carre_HD_8925_R.jpeg&#8221; image_url_last_edited=&#8221;off|phone&#8221; _builder_version=&#8221;4.21.0&#8243; header_level=&#8221;h5&#8243; header_font=&#8221;Roboto||||||||&#8221; header_text_align=&#8221;left&#8221; header_font_size=&#8221;24px&#8221; header_line_height=&#8221;1.2em&#8221; body_font=&#8221;||||||||&#8221; body_text_align=&#8221;left&#8221; body_font_size=&#8221;16px&#8221; body_line_height=&#8221;1.9em&#8221; position_text_align=&#8221;left&#8221; text_orientation=&#8221;left&#8221; max_width_tablet=&#8221;&#8221; max_width_phone=&#8221;90%&#8221; max_width_last_edited=&#8221;on|phone&#8221; animation_style=&#8221;zoom&#8221; animation_direction=&#8221;bottom&#8221; animation_intensity_zoom=&#8221;10%&#8221; header_text_align_last_edited=&#8221;off|phone&#8221; body_text_align_tablet=&#8221;&#8221; body_text_align_phone=&#8221;left&#8221; body_text_align_last_edited=&#8221;on|phone&#8221; position_text_align_tablet=&#8221;&#8221; position_text_align_phone=&#8221;left&#8221; position_text_align_last_edited=&#8221;on|phone&#8221; text_orientation_tablet=&#8221;&#8221; text_orientation_phone=&#8221;center&#8221; text_orientation_last_edited=&#8221;on|phone&#8221; module_alignment_tablet=&#8221;&#8221; module_alignment_phone=&#8221;center&#8221; module_alignment_last_edited=&#8221;on|desktop&#8221; global_colors_info=&#8221;{}&#8221;]<\/p>\n<div class=\"page\" title=\"Page 10\">\n<div class=\"section\">\n<div class=\"layoutArea\">\n<div class=\"column\">\n<p><span>\u00ab Donner une voix aux femmes n\u2019est pas force\u0301ment axe\u0301 sur le fe\u0301minisme mais une pre\u0301occupation forte de le\u0301gitimer la pre\u0301sence des femmes dans le de\u0301bat public, un environnement souvent pre\u0301empte\u0301 par les hommes. C\u2019est aussi la compre\u0301hension d\u2019un monde en pleine mutation qui ne doit plus opposer les femmes et les hommes mais les associer a\u0300 des enjeux communs visant a\u0300 modifier les perspectives sur le terrain de fac\u0327on conjointe par la le\u0301gitimite\u0301 des compe\u0301tences. L\u2019envie de tirer les enseignements des obstacles du passe\u0301 et cre\u0301er un monde plus e\u0301galitaire ou le genre ne serait plus un pouvoir ni un handicap. \u00bb <\/span><\/p>\n<\/div>\n<\/div>\n<\/div>\n<\/div>\n<p>[\/et_pb_team_member][et_pb_team_member name=&#8221;Chantal LADESOU&#8221; position=&#8221;Actrice&#8221; image_url=&#8221;https:\/\/nouslesambitieuses.com\/wp-content\/uploads\/2020\/08\/P20525703D3744183G_px_640_-1.jpg&#8221; _builder_version=&#8221;4.16&#8243; header_level=&#8221;h5&#8243; header_font=&#8221;Roboto||||||||&#8221; header_font_size=&#8221;24px&#8221; header_line_height=&#8221;1.2em&#8221; body_font=&#8221;||||||||&#8221; body_font_size=&#8221;16px&#8221; body_line_height=&#8221;1.9em&#8221; max_width=&#8221;100%&#8221; max_width_tablet=&#8221;&#8221; max_width_phone=&#8221;90%&#8221; max_width_last_edited=&#8221;on|phone&#8221; module_alignment=&#8221;center&#8221; animation_style=&#8221;zoom&#8221; animation_direction=&#8221;bottom&#8221; animation_intensity_zoom=&#8221;10%&#8221; header_text_align_tablet=&#8221;&#8221; header_text_align_phone=&#8221;left&#8221; header_text_align_last_edited=&#8221;on|phone&#8221; body_text_align_tablet=&#8221;&#8221; body_text_align_phone=&#8221;&#8221; body_text_align_last_edited=&#8221;on|phone&#8221; border_style_all_image=&#8221;none&#8221; global_colors_info=&#8221;{}&#8221;]<\/p>\n<div class=\"page\" title=\"Page 11\">\n<div class=\"layoutArea\">\n<div class=\"column\">\n<p><span>\u00ab On va faire vivre des projets, les amener dans la lumi\u00e8re. Comme animer, \u00ab ambiancer \u00bb le concours d\u2019\u00e9criture, pour qu\u2019il y ait le plus de participants possible ! Nous sommes l\u00e0 pour donner des id\u00e9es et partager nos expertises. \u00bb <\/span><\/p>\n<\/div>\n<\/div>\n<\/div>\n<p>[\/et_pb_team_member][\/et_pb_column][et_pb_column type=&#8221;1_3&#8243; _builder_version=&#8221;4.16&#8243; custom_padding=&#8221;120px|||&#8221; custom_padding_tablet=&#8221;0px|||&#8221; custom_padding_phone=&#8221;&#8221; custom_padding_last_edited=&#8221;on|tablet&#8221; global_colors_info=&#8221;{}&#8221; custom_padding__hover=&#8221;|||&#8221;][et_pb_team_member name=&#8221;Laurie Cholewa&#8221; position=&#8221;Animatrice t\u00e9l\u00e9 \/ Productrice&#8221; image_url=&#8221;https:\/\/nouslesambitieuses.com\/wp-content\/uploads\/2025\/11\/WhatsApp-Image-2025-11-12-at-21.22.04.jpeg&#8221; _builder_version=&#8221;4.21.0&#8243; header_level=&#8221;h5&#8243; header_font=&#8221;Roboto||||||||&#8221; header_text_align=&#8221;left&#8221; header_font_size=&#8221;24px&#8221; header_line_height=&#8221;1.2em&#8221; body_font=&#8221;||||||||&#8221; body_font_size=&#8221;16px&#8221; body_line_height=&#8221;1.9em&#8221; max_width_tablet=&#8221;&#8221; max_width_phone=&#8221;90%&#8221; max_width_last_edited=&#8221;on|phone&#8221; module_alignment=&#8221;center&#8221; animation_style=&#8221;zoom&#8221; animation_direction=&#8221;bottom&#8221; animation_delay=&#8221;150ms&#8221; animation_intensity_zoom=&#8221;10%&#8221; hover_enabled=&#8221;0&#8243; header_text_align_last_edited=&#8221;off|phone&#8221; body_text_align_last_edited=&#8221;off|phone&#8221; global_colors_info=&#8221;{}&#8221; title_text=&#8221;WhatsApp Image 2025-11-12 at 21.22.04&#8243; sticky_enabled=&#8221;0&#8243;]<\/p>\n<div class=\"page\" title=\"Page 10\">\n<div class=\"section\">\n<div class=\"layoutArea\">\n<div class=\"column\">\n<p>&nbsp;<\/p>\n<\/div>\n<\/div>\n<\/div>\n<\/div>\n<p>[\/et_pb_team_member][et_pb_team_member name=&#8221;Dani\u00e8le EVENOU&#8221; position=&#8221;Actrice&#8221; image_url=&#8221;https:\/\/elleslesaudacieuses.com\/wp-content\/uploads\/2020\/08\/Danie\u0300le-EVENOU.png&#8221; _builder_version=&#8221;4.16&#8243; header_level=&#8221;h5&#8243; header_font=&#8221;Roboto||||||||&#8221; header_font_size=&#8221;24px&#8221; header_line_height=&#8221;1.2em&#8221; body_font=&#8221;||||||||&#8221; body_font_size=&#8221;16px&#8221; body_line_height=&#8221;1.9em&#8221; max_width_tablet=&#8221;&#8221; max_width_phone=&#8221;90%&#8221; max_width_last_edited=&#8221;on|phone&#8221; module_alignment=&#8221;center&#8221; animation_style=&#8221;zoom&#8221; animation_direction=&#8221;bottom&#8221; animation_delay=&#8221;300ms&#8221; animation_intensity_zoom=&#8221;10%&#8221; global_colors_info=&#8221;{}&#8221;]<\/p>\n<div class=\"page\" title=\"Page 11\">\n<div class=\"layoutArea\">\n<div class=\"column\">\n<p><span>\u00ab Il faut se battre pour aider ceux qui sont seuls. Il faut aimer les autres, les regarder, les e\u0301couter, les entendre et surtout ne pas les la\u0302cher. Ne laisser personne sur le bord de la route. Nous avons toutes a\u0300 transmettre et avec Nous Les Ambitieuses!, c\u2019est notre ambition et notre volonte\u0301 ! \u00bb <\/span><\/p>\n<\/div>\n<\/div>\n<\/div>\n<p>[\/et_pb_team_member][et_pb_cta title=&#8221;D\u00e9couvrir nos actions&#8221; button_url=&#8221;@ET-DC@eyJkeW5hbWljIjp0cnVlLCJjb250ZW50IjoicG9zdF9saW5rX3VybF9wYWdlIiwic2V0dGluZ3MiOnsicG9zdF9pZCI6IjM5OSJ9fQ==@&#8221; button_text=&#8221;\u2014 Plus de d\u00e9tails&#8221; _builder_version=&#8221;4.16&#8243; _dynamic_attributes=&#8221;button_url&#8221; header_level=&#8221;h5&#8243; header_font=&#8221;Roboto||||||||&#8221; header_font_size=&#8221;24px&#8221; header_line_height=&#8221;1.2em&#8221; body_font=&#8221;||||||||&#8221; body_font_size=&#8221;16px&#8221; body_line_height=&#8221;1.9em&#8221; background_color=&#8221;#ffffff&#8221; use_background_color_gradient=&#8221;on&#8221; background_color_gradient_direction=&#8221;90deg&#8221; background_color_gradient_stops=&#8221;#352dbe 0%|#1a327a 100%&#8221; background_color_gradient_start=&#8221;#352dbe&#8221; background_color_gradient_end=&#8221;#1a327a&#8221; background_image=&#8221;https:\/\/elleslesaudacieuses.com\/wp-content\/uploads\/2020\/08\/BG-5.png&#8221; custom_button=&#8221;on&#8221; button_text_size=&#8221;16px&#8221; button_border_width=&#8221;0px&#8221; button_font=&#8221;||||||||&#8221; max_width=&#8221;90%&#8221; module_alignment=&#8221;center&#8221; custom_margin=&#8221;|||&#8221; custom_padding=&#8221;120px||120px||true&#8221; custom_padding_tablet=&#8221;120px||120px||true&#8221; custom_padding_phone=&#8221;&#8221; custom_padding_last_edited=&#8221;on|desktop&#8221; animation_style=&#8221;zoom&#8221; animation_direction=&#8221;bottom&#8221; animation_delay=&#8221;300ms&#8221; animation_intensity_zoom=&#8221;10%&#8221; global_colors_info=&#8221;{}&#8221; button_text_size__hover_enabled=&#8221;off&#8221; button_one_text_size__hover_enabled=&#8221;off&#8221; button_two_text_size__hover_enabled=&#8221;off&#8221; button_text_color__hover_enabled=&#8221;off&#8221; button_one_text_color__hover_enabled=&#8221;off&#8221; button_two_text_color__hover_enabled=&#8221;off&#8221; button_border_width__hover_enabled=&#8221;off&#8221; button_one_border_width__hover_enabled=&#8221;off&#8221; button_two_border_width__hover_enabled=&#8221;off&#8221; button_border_color__hover_enabled=&#8221;off&#8221; button_one_border_color__hover_enabled=&#8221;off&#8221; button_two_border_color__hover_enabled=&#8221;off&#8221; button_border_radius__hover_enabled=&#8221;off&#8221; button_one_border_radius__hover_enabled=&#8221;off&#8221; button_two_border_radius__hover_enabled=&#8221;off&#8221; button_letter_spacing__hover_enabled=&#8221;off&#8221; button_one_letter_spacing__hover_enabled=&#8221;off&#8221; button_two_letter_spacing__hover_enabled=&#8221;off&#8221; button_bg_color__hover_enabled=&#8221;off&#8221; button_one_bg_color__hover_enabled=&#8221;off&#8221; button_two_bg_color__hover_enabled=&#8221;off&#8221;][\/et_pb_cta][\/et_pb_column][et_pb_column type=&#8221;1_3&#8243; _builder_version=&#8221;4.16&#8243; _module_preset=&#8221;default&#8221; global_colors_info=&#8221;{}&#8221;][et_pb_team_member name=&#8221;Luana BELMONDO&#8221; position=&#8221;Animatrice TV &#038; Radio\/ Consultante culinaire \/ Auteur de A table avec Luana&#8221; image_url=&#8221;https:\/\/elleslesaudacieuses.com\/wp-content\/uploads\/2020\/08\/Luana-BELMONDO.png&#8221; _builder_version=&#8221;4.16&#8243; header_level=&#8221;h5&#8243; header_font=&#8221;Roboto||||||||&#8221; header_font_size=&#8221;24px&#8221; header_line_height=&#8221;1.2em&#8221; body_font=&#8221;||||||||&#8221; body_font_size=&#8221;16px&#8221; body_line_height=&#8221;1.9em&#8221; max_width_tablet=&#8221;&#8221; max_width_phone=&#8221;90%&#8221; max_width_last_edited=&#8221;on|phone&#8221; module_alignment=&#8221;center&#8221; animation_style=&#8221;zoom&#8221; animation_direction=&#8221;bottom&#8221; animation_delay=&#8221;300ms&#8221; animation_intensity_zoom=&#8221;10%&#8221; global_colors_info=&#8221;{}&#8221;]<\/p>\n<div class=\"page\" title=\"Page 10\">\n<div class=\"section\">\n<div class=\"layoutArea\">\n<div class=\"column\">\n<p><span>\u00ab Je souhaite re\u0301concilier les jeunes avec les vraies saveurs qu\u2019ils reconnaissent apprennent les le\u0301gumes et fruits de saison. Je veux transmettre et les masterclass seront un bon moyen d\u2019y parvenir avec Nous Les Ambitieuses! \u00bb <\/span><\/p>\n<\/div>\n<\/div>\n<\/div>\n<\/div>\n<p>[\/et_pb_team_member][et_pb_team_member name=&#8221;Alexandra FECHNER&#8221; position=&#8221;Productrice FECHNER FILMS&#8221; image_url=&#8221;https:\/\/elleslesaudacieuses.com\/wp-content\/uploads\/2020\/08\/Alexandra-FECHNER.png&#8221; _builder_version=&#8221;4.16&#8243; header_level=&#8221;h5&#8243; header_font=&#8221;Roboto||||||||&#8221; header_font_size=&#8221;24px&#8221; header_line_height=&#8221;1.2em&#8221; body_font=&#8221;||||||||&#8221; body_font_size=&#8221;16px&#8221; body_line_height=&#8221;1.9em&#8221; max_width_tablet=&#8221;&#8221; max_width_phone=&#8221;90%&#8221; max_width_last_edited=&#8221;on|phone&#8221; module_alignment=&#8221;center&#8221; animation_style=&#8221;zoom&#8221; animation_direction=&#8221;bottom&#8221; animation_delay=&#8221;150ms&#8221; animation_intensity_zoom=&#8221;10%&#8221; global_colors_info=&#8221;{}&#8221;]<\/p>\n<div class=\"page\" title=\"Page 11\">\n<div class=\"layoutArea\">\n<div class=\"column\">\n<p><span>\u00ab A l\u2019heure ou\u0300 la France traverse une crise sans pre\u0301ce\u0301dent , il est capital que tous les milieux sociaux , et toutes les communaute\u0301s puissent se rassembler au travers d\u2019e\u0301ve\u0301nements culturels fe\u0301de\u0301rateurs car la culture est un formidable vecteur de rassemblement et de fraternite\u0301 . Si on peut s\u2019amuser ou s\u2019e\u0301mouvoir ensemble alors nous pourrons dialoguer ! C\u2019est anime\u0301e par l\u2019amour since\u0300re que je porte aux franc\u0327ais que j\u2019ai rejoint \u00ab Nous Les Ambitieuses! \u00bb car je souhaite apporter ma connaissance de terrain afin de l\u2019inscrire dans une de\u0301marche citoyenne et participative. Ma volonte\u0301 est de ve\u0301hiculer un message de rassemblement, favoriser le dialogue, le partage de connaissance ainsi que de travailler a\u0300 la valorisation de chaque franc\u0327ais au travers d\u2019actions culturelles fortes \u00bb <\/span><\/p>\n<\/div>\n<\/div>\n<\/div>\n<p>[\/et_pb_team_member][\/et_pb_column][\/et_pb_row][\/et_pb_section]<\/p>\n","protected":false},"excerpt":{"rendered":"<p>Nos ambassadrices nationalesElles sont populaires, connues et aim\u00e9es des fran\u00e7ais. Nos ambassadrices partagent des valeurs \u00e9thiques et durables de celles qui donnent du sens aux actions de l\u2019association. Elles s\u2019engagent, communiquent via leurs r\u00e9seaux sociaux et mettent leur notori\u00e9t\u00e9 \u00e0 profit avec bienveillance et audace\u00a0! \u00ab Donner une voix aux femmes n\u2019est pas force\u0301ment axe\u0301 [&hellip;]<\/p>\n","protected":false},"author":2,"featured_media":0,"parent":0,"menu_order":0,"comment_status":"closed","ping_status":"closed","template":"","meta":{"_et_pb_use_builder":"on","_et_pb_old_content":"","_et_gb_content_width":"","_monsterinsights_skip_tracking":false,"_monsterinsights_sitenote_active":false,"_monsterinsights_sitenote_note":"","_monsterinsights_sitenote_category":0},"_links":{"self":[{"href":"https:\/\/nouslesambitieuses.com\/index.php\/wp-json\/wp\/v2\/pages\/459"}],"collection":[{"href":"https:\/\/nouslesambitieuses.com\/index.php\/wp-json\/wp\/v2\/pages"}],"about":[{"href":"https:\/\/nouslesambitieuses.com\/index.php\/wp-json\/wp\/v2\/types\/page"}],"author":[{"embeddable":true,"href":"https:\/\/nouslesambitieuses.com\/index.php\/wp-json\/wp\/v2\/users\/2"}],"replies":[{"embeddable":true,"href":"https:\/\/nouslesambitieuses.com\/index.php\/wp-json\/wp\/v2\/comments?post=459"}],"version-history":[{"count":11,"href":"https:\/\/nouslesambitieuses.com\/index.php\/wp-json\/wp\/v2\/pages\/459\/revisions"}],"predecessor-version":[{"id":3221,"href":"https:\/\/nouslesambitieuses.com\/index.php\/wp-json\/wp\/v2\/pages\/459\/revisions\/3221"}],"wp:attachment":[{"href":"https:\/\/nouslesambitieuses.com\/index.php\/wp-json\/wp\/v2\/media?parent=459"}],"curies":[{"name":"wp","href":"https:\/\/api.w.org\/{rel}","templated":true}]}}